{"id":210,"date":"2025-01-28T14:38:40","date_gmt":"2025-01-28T14:38:40","guid":{"rendered":"https:\/\/www.attaqueer.nl\/wordpress\/test\/?page_id=210"},"modified":"2026-02-22T07:13:57","modified_gmt":"2026-02-22T07:13:57","slug":"winnaars-bmw-toernooi","status":"publish","type":"page","link":"https:\/\/www.attaqueer.nl\/index.php\/winnaars-bmw-toernooi\/","title":{"rendered":"Winnaars BMW toernooi"},"content":{"rendered":"\n<figure class=\"wp-block-table alignleft\"><table class=\"has-border-color has-background-border-color\"><tbody><tr><td>&nbsp;<strong>editie<\/strong><\/td><td><strong>datum<\/strong><\/td><td><strong>jaar<\/strong><\/td><td>&nbsp;<strong>locatie<\/strong><\/td><td><strong>deelnemers<\/strong><\/td><td><strong>1e plaats<\/strong><\/td><td><strong>2e plaats<\/strong><\/td><td><strong>3e plaats<\/strong><\/td><td><strong>Beste Attaqueerder<\/strong><\/td><\/tr><tr><td>1e<\/td><td>5-mrt<\/td><td>1994<\/td><td>&nbsp;caf\u00e9 De Sport&nbsp;<\/td><td>&nbsp;<\/td><td>Marc Helder<\/td><td>&nbsp;<\/td><td>&nbsp;<\/td><td>&nbsp;<\/td><\/tr><tr><td>2e<\/td><td>4-mrt<\/td><td>1995<\/td><td>&nbsp;caf\u00e9 De Sport&nbsp;<\/td><td>&nbsp;<\/td><td>Marc Helder<\/td><td>&nbsp;<\/td><td>&nbsp;<\/td><td>&nbsp;<\/td><\/tr><tr><td>3e<\/td><td>9-mrt<\/td><td>1996<\/td><td>&nbsp;caf\u00e9 De Sport&nbsp;<\/td><td>50<\/td><td>Marc Helder<\/td><td>Vincent Duin<\/td><td>Peter Doggers<\/td><td>Arnold Edeling (6e)<\/td><\/tr><tr><td>4e<\/td><td>23-mrt<\/td><td>1997<\/td><td>&nbsp;caf\u00e9 De Sport&nbsp;<\/td><td>45<\/td><td>Peter Doggers<\/td><td>Jasper Seelemeier<\/td><td>Jan Stapel<\/td><td>Arnold Edeling (8e)<\/td><\/tr><tr><td>5e<\/td><td>28-feb<\/td><td>1998<\/td><td>&nbsp;caf\u00e9 De Sport&nbsp;<\/td><td>48<\/td><td>Adrie Haakman<\/td><td>Alexander Geerts<\/td><td>Jan Jaap Gorter<\/td><td>Pio van Goor (6e)<\/td><\/tr><tr><td>6e<\/td><td>13-mrt<\/td><td>1999<\/td><td>&nbsp;caf\u00e9 De Sport&nbsp;<\/td><td>54<\/td><td>Alexander Geerts<\/td><td>Willem Meyles<\/td><td>Marc Helder<\/td><td>Pio van Goor (11e)<\/td><\/tr><tr><td>7e<\/td><td>11-mrt<\/td><td>2000<\/td><td>&nbsp;caf\u00e9 De Sport&nbsp;<\/td><td>67<\/td><td>G.M. de Niet<\/td><td>Peter Doggers<\/td><td>Daan Zult<\/td><td>Jeroen Edeling (13e)<\/td><\/tr><tr><td>8e<\/td><td>10-mrt<\/td><td>2001<\/td><td>&nbsp;caf\u00e9 De Uitbaterij&nbsp;<\/td><td>50<\/td><td>Jerrel Thakoerdien<\/td><td>Daan Zult<\/td><td>Peter Doggers<\/td><td>Jeroen Edeling (6e)<\/td><\/tr><tr><td>9e<\/td><td>9-mrt<\/td><td>2002<\/td><td>&nbsp;caf\u00e9 De Uitbaterij&nbsp;<\/td><td>58<\/td><td>Peter Doggers<\/td><td>Alexander Geerts<\/td><td>Daan Zult<\/td><td>Jeroen Edeling (7e)<\/td><\/tr><tr><td>10e<\/td><td>8-mrt<\/td><td>2003<\/td><td>&nbsp;caf\u00e9 De Uitbaterij&nbsp;<\/td><td>&nbsp;<\/td><td>Alexander Geerts<\/td><td>Peter Doggers<\/td><td>Daan Zult<\/td><td>Kees Smits (23e)<\/td><\/tr><tr><td>11e<\/td><td>28-feb<\/td><td>2004<\/td><td>&nbsp;caf\u00e9 De Uitbaterij&nbsp;<\/td><td>&nbsp;<\/td><td>Henk-Jan Visser<\/td><td>Sjoerd Plukkel<\/td><td>Jan-Jaap Gorter<\/td><td>&nbsp;<\/td><\/tr><tr><td>12e<\/td><td>&nbsp;<\/td><td>2005<\/td><td>&nbsp;caf\u00e9 De Uitbaterij&nbsp;<\/td><td>&nbsp;<\/td><td>Henk-Jan Visser<\/td><td>&nbsp;<\/td><td>&nbsp;<\/td><td>&nbsp;<\/td><\/tr><tr><td>13e<\/td><td>18-mrt<\/td><td>2006<\/td><td>&nbsp;caf\u00e9 De Uitbaterij&nbsp;<\/td><td>&nbsp;<\/td><td>Daan Zult<\/td><td>Alexander Geerts<\/td><td>Barry Plukkel<\/td><td>&nbsp;<\/td><\/tr><tr><td>14e<\/td><td>7-apr<\/td><td>2007<\/td><td>&nbsp;caf\u00e9 De Uitbaterij&nbsp;<\/td><td>56<\/td><td>Daan Zult<\/td><td>Tobias Hendriks<\/td><td>Sjoerd Plukkel<\/td><td>&nbsp;<\/td><\/tr><tr><td>15e<\/td><td>23-feb<\/td><td>2008<\/td><td>&nbsp;caf\u00e9 De Vriendschap&nbsp;<\/td><td>66<\/td><td>Daan Zult<\/td><td>Henk Jan Visser<\/td><td>Jerrel Thakoerdien<\/td><td>Niels Bot (16e)<\/td><\/tr><tr><td>16e<\/td><td>31-jan<\/td><td>2009<\/td><td>&nbsp;caf\u00e9 De Vriendschap&nbsp;<\/td><td>38<\/td><td>Alexander Geerts<\/td><td>Joris Moes<\/td><td>Erwin Brouwer<\/td><td>&nbsp;<\/td><\/tr><tr><td>17e<\/td><td>27-feb<\/td><td>2010<\/td><td>&nbsp;caf\u00e9 De Vriendschap&nbsp;<\/td><td>67<\/td><td>Arne Moll<\/td><td>Holger Bonte<\/td><td>Marc Helder<\/td><td>Jos Vlaar (21e)&nbsp;<\/td><\/tr><tr><td>18e<\/td><td>5-mrt<\/td><td>2011<\/td><td>&nbsp;caf\u00e9 De Vriendschap&nbsp;<\/td><td>47<\/td><td>Henk-Jan Visser<\/td><td>Jeroen Edeling<\/td><td>Arne Moll<\/td><td>Niels Bot (16e)<\/td><\/tr><tr><td>19e<\/td><td>27-feb<\/td><td>2012<\/td><td>&nbsp;caf\u00e9 De Vriendschap&nbsp;<\/td><td>49<\/td><td>Yong Hoon De Rover<\/td><td>Peter Doggers<\/td><td>Jerrel Thakoerdien<\/td><td>Jos Vlaar (24e)&nbsp;<\/td><\/tr><tr><td>20e<\/td><td>23-mrt<\/td><td>2013<\/td><td>&nbsp;caf\u00e9 De Vriendschap&nbsp;<\/td><td>52<\/td><td>David Klein<\/td><td>Marc Helder<\/td><td>Danny de Ruiter<\/td><td>Jos Vlaar (25e)&nbsp;<\/td><\/tr><tr><td>21e<\/td><td>&nbsp;<\/td><td>2014<\/td><td>&nbsp;<\/td><td>&nbsp;<\/td><td>David Klein<\/td><td>Gilbert Vrancken<\/td><td>Daan Zult<\/td><td>Gerard Beerepoot w (10e)&nbsp;<\/td><\/tr><tr><td>22e<\/td><td>&nbsp;<\/td><td>2015<\/td><td>&nbsp;<\/td><td>&nbsp;<\/td><td>Danny de Ruiter<\/td><td>Tom Balla<\/td><td>Bart Feldman<\/td><td>Jos Vlaar (10e)&nbsp;<\/td><\/tr><tr><td>23e<\/td><td>&nbsp;<\/td><td>2016<\/td><td>caf\u00e9 De Vriendschap&nbsp;<\/td><td>&nbsp;<\/td><td>Yong Hoon de Rover<\/td><td>Tom Balla<\/td><td>Jerrel Thakoerdien<\/td><td>Ronald Koppes (13e)<\/td><\/tr><tr><td>24e<\/td><td>&nbsp;<\/td><td>2017<\/td><td>caf\u00e9 De Vriendschap<\/td><td>&nbsp;<\/td><td>Daan Zult<\/td><td>Jeroen Edeling<\/td><td>Jan Roebers<\/td><td>Emil Zaal (23e)<\/td><\/tr><tr><td>25e<\/td><td>&nbsp;<\/td><td>2018<\/td><td>caf\u00e9 De Vriendschap<\/td><td>&nbsp;<\/td><td>Danny de Ruiter<\/td><td>Jerrel Tharkoedin<\/td><td>Jos Vlaming<\/td><td>Gerard Beerepoot(w)(20e)<\/td><\/tr><tr><td>26e<\/td><td>&nbsp;<\/td><td>2019<\/td><td>caf\u00e9 De Vriendschap<\/td><td>&nbsp;<\/td><td>Mark van Ojik<\/td><td>Karel Odink<\/td><td>Daan Zult<\/td><td>Aris Ruijter(6e)<\/td><\/tr><tr><td>27e<\/td><td>&nbsp;<\/td><td>2024<\/td><td>Kantine Ataqueer<\/td><td>&nbsp;<\/td><td>Henk-Jan Visser<\/td><td>Daan Zult<\/td><td>Peter Doggers<\/td><td>Emil Zaal(12e)<\/td><\/tr><tr><td>28e<\/td><td>&nbsp;<\/td><td>2025<\/td><td>Kantine Ataqueer<\/td><td>&nbsp;<\/td><td>Daan Zult<\/td><td>Mark Helder<\/td><td><\/td><td><\/td><\/tr><\/tbody><\/table><\/figure>\n\n\n\n<p><\/p>\n","protected":false},"excerpt":{"rendered":"<p>&nbsp;editie datum jaar &nbsp;locatie deelnemers 1e plaats 2e plaats 3e plaats Beste Attaqueerder 1e 5-mrt 1994 &nbsp;caf\u00e9 De Sport&nbsp; &nbsp; Marc Helder &nbsp; &nbsp; &nbsp; 2e 4-mrt 1995 &nbsp;caf\u00e9 De Sport&nbsp; &nbsp; Marc Helder &nbsp; &nbsp; &nbsp; 3e 9-mrt 1996 &nbsp;caf\u00e9 De Sport&nbsp; 50 Marc Helder Vincent Duin Peter Doggers Arnold Edeling (6e) 4e 23-mrt [&hellip;]<\/p>\n","protected":false},"author":1,"featured_media":0,"parent":0,"menu_order":0,"comment_status":"closed","ping_status":"closed","template":"","meta":{"footnotes":""},"class_list":["post-210","page","type-page","status-publish","hentry"],"_links":{"self":[{"href":"https:\/\/www.attaqueer.nl\/index.php\/wp-json\/wp\/v2\/pages\/210","targetHints":{"allow":["GET"]}}],"collection":[{"href":"https:\/\/www.attaqueer.nl\/index.php\/wp-json\/wp\/v2\/pages"}],"about":[{"href":"https:\/\/www.attaqueer.nl\/index.php\/wp-json\/wp\/v2\/types\/page"}],"author":[{"embeddable":true,"href":"https:\/\/www.attaqueer.nl\/index.php\/wp-json\/wp\/v2\/users\/1"}],"replies":[{"embeddable":true,"href":"https:\/\/www.attaqueer.nl\/index.php\/wp-json\/wp\/v2\/comments?post=210"}],"version-history":[{"count":8,"href":"https:\/\/www.attaqueer.nl\/index.php\/wp-json\/wp\/v2\/pages\/210\/revisions"}],"predecessor-version":[{"id":1405,"href":"https:\/\/www.attaqueer.nl\/index.php\/wp-json\/wp\/v2\/pages\/210\/revisions\/1405"}],"wp:attachment":[{"href":"https:\/\/www.attaqueer.nl\/index.php\/wp-json\/wp\/v2\/media?parent=210"}],"curies":[{"name":"wp","href":"https:\/\/api.w.org\/{rel}","templated":true}]}}